{"id":2287,"date":"2023-10-03T16:20:11","date_gmt":"2023-10-03T08:20:11","guid":{"rendered":"https:\/\/www.edge-core.com\/?page_id=2287"},"modified":"2023-11-02T14:38:39","modified_gmt":"2023-11-02T06:38:39","slug":"term-of-use","status":"publish","type":"page","link":"https:\/\/www.edge-core.com\/pt\/term-of-use\/","title":{"rendered":"Termos de Uso"},"content":{"rendered":"<p><div class=\"fusion-fullwidth fullwidth-box fusion-builder-row-1 fusion-flex-container has-pattern-background has-mask-background nonhundred-percent-fullwidth non-hundred-percent-height-scrolling fusion-no-small-visibility fusion-animated fusion-sticky-container\" style=\"--awb-border-radius-top-left:0px;--awb-border-radius-top-right:0px;--awb-border-radius-bottom-right:0px;--awb-border-radius-bottom-left:0px;--awb-padding-top:30px;--awb-padding-right:0px;--awb-padding-left:0px;--awb-padding-right-medium:15px;--awb-padding-left-medium:25px;--awb-margin-top:0px;--awb-margin-bottom:0px;--awb-background-color:var(--awb-color2);--awb-flex-wrap:nowrap;\" data-animationtype=\"fadeInLeft\" data-animationduration=\"0.3\" data-animationoffset=\"top-into-view\" data-transition-offset=\"0\" data-sticky-offset=\"81px\" data-scroll-offset=\"0\" data-sticky-small-visibility=\"1\" data-sticky-medium-visibility=\"1\" data-sticky-large-visibility=\"1\" ><div class=\"fusion-builder-row fusion-row fusion-flex-align-items-stretch fusion-flex-content-wrap\" style=\"max-width:1320.8px;margin-left: calc(-4% \/ 2 );margin-right: calc(-4% \/ 2 );\"><div class=\"fusion-layout-column fusion_builder_column fusion-builder-column-0 fusion_builder_column_2_3 2_3 fusion-flex-column\" style=\"--awb-bg-size:cover;--awb-width-large:66.666666666667%;--awb-margin-top-large:0px;--awb-spacing-right-large:2.88%;--awb-margin-bottom-large:0px;--awb-spacing-left-large:2.88%;--awb-width-medium:66.666666666667%;--awb-order-medium:0;--awb-spacing-right-medium:2.88%;--awb-spacing-left-medium:2.88%;--awb-width-small:100%;--awb-order-small:0;--awb-spacing-right-small:1.92%;--awb-spacing-left-small:1.92%;\" data-scroll-devices=\"small-visibility,medium-visibility,large-visibility\"><div class=\"fusion-column-wrapper fusion-column-has-shadow fusion-flex-justify-content-flex-start fusion-content-layout-column\"><div class=\"fusion-text fusion-text-1\" style=\"--awb-font-size:16px;--awb-line-height:1;--awb-text-color:var(--awb-color8);--awb-margin-left:0px;--awb-text-font-family:&quot;Poppins&quot;;--awb-text-font-style:normal;--awb-text-font-weight:300;\"><p><a href=\"\/pt\/privacy-policy\/\">pol\u00edtica de Privacidade<\/a> | <a href=\"\/pt\/Term-of-use\/\">Termos de uso<\/a><\/p>\n<\/div><\/div><\/div><div class=\"fusion-layout-column fusion_builder_column fusion-builder-column-1 fusion_builder_column_1_6 1_6 fusion-flex-column\" style=\"--awb-bg-size:cover;--awb-width-large:16.666666666667%;--awb-margin-top-large:0px;--awb-spacing-right-large:11.52%;--awb-margin-bottom-large:20px;--awb-spacing-left-large:11.52%;--awb-width-medium:16.666666666667%;--awb-order-medium:0;--awb-spacing-right-medium:11.52%;--awb-spacing-left-medium:11.52%;--awb-width-small:100%;--awb-order-small:0;--awb-spacing-right-small:1.92%;--awb-spacing-left-small:1.92%;\" data-scroll-devices=\"small-visibility,medium-visibility,large-visibility\"><div class=\"fusion-column-wrapper fusion-column-has-shadow fusion-flex-justify-content-flex-start fusion-content-layout-column\"><div style=\"text-align:right;\"><a class=\"fusion-button button-flat button-medium button-custom fusion-button-default button-1 fusion-button-default-span\" style=\"--awb-margin-top:-12px;--button_accent_color:var(--awb-color2);--button_accent_hover_color:var(--awb-color1);--button_border_hover_color:var(--awb-color7);--button_gradient_top_color:var(--awb-color4);--button_gradient_bottom_color:var(--awb-color4);--button_gradient_top_color_hover:var(--awb-color5);--button_gradient_bottom_color_hover:var(--awb-color5);\" target=\"_self\" data-hover=\"icon_slide\" href=\"\/pt\/contact-inquiry\/\"><span class=\"fusion-button-text awb-button__text awb-button__text--default\">Contato<\/span><i class=\"fa-envelope fas awb-button__icon awb-button__icon--default button-icon-right\" aria-hidden=\"true\"><\/i><\/a><\/div><\/div><\/div><div class=\"fusion-layout-column fusion_builder_column fusion-builder-column-2 fusion_builder_column_1_6 1_6 fusion-flex-column\" style=\"--awb-bg-size:cover;--awb-width-large:16.666666666667%;--awb-margin-top-large:0px;--awb-spacing-right-large:11.52%;--awb-margin-bottom-large:20px;--awb-spacing-left-large:11.52%;--awb-width-medium:16.666666666667%;--awb-order-medium:0;--awb-spacing-right-medium:11.52%;--awb-spacing-left-medium:11.52%;--awb-width-small:100%;--awb-order-small:0;--awb-spacing-right-small:1.92%;--awb-spacing-left-small:1.92%;\" data-scroll-devices=\"small-visibility,medium-visibility,large-visibility\"><div class=\"fusion-column-wrapper fusion-column-has-shadow fusion-flex-justify-content-flex-start fusion-content-layout-column\"><div style=\"text-align:right;\"><a class=\"fusion-button button-flat button-medium button-custom fusion-button-default button-2 fusion-button-default-span\" style=\"--awb-margin-top:-12px;--button_accent_color:var(--awb-color2);--button_accent_hover_color:var(--awb-color1);--button_border_hover_color:var(--awb-color7);--button_gradient_top_color:var(--awb-color4);--button_gradient_bottom_color:var(--awb-color4);--button_gradient_top_color_hover:var(--awb-color5);--button_gradient_bottom_color_hover:var(--awb-color5);\" target=\"_self\" data-hover=\"icon_slide\" href=\"\/pt\/where-to-buy\/\"><span class=\"fusion-button-text awb-button__text awb-button__text--default\">Onde comprar<\/span><i class=\"fa-shopping-cart fas awb-button__icon awb-button__icon--default button-icon-right\" aria-hidden=\"true\"><\/i><\/a><\/div><\/div><\/div><\/div><\/div>\n<div id=\"overview\" class=\"fusion-container-anchor\"><div class=\"fusion-fullwidth fullwidth-box fusion-builder-row-2 fusion-flex-container has-pattern-background has-mask-background nonhundred-percent-fullwidth non-hundred-percent-height-scrolling fusion-custom-z-index\" style=\"--awb-border-radius-top-left:0px;--awb-border-radius-top-right:0px;--awb-border-radius-bottom-right:0px;--awb-border-radius-bottom-left:0px;--awb-z-index:1;--awb-padding-top:0px;--awb-padding-bottom:0px;--awb-padding-top-small:50px;--awb-margin-top:0px;--awb-background-color:var(--awb-color1);--awb-flex-wrap:wrap;\" ><div class=\"fusion-builder-row fusion-row fusion-flex-align-items-center fusion-flex-content-wrap\" style=\"max-width:1320.8px;margin-left: calc(-4% \/ 2 );margin-right: calc(-4% \/ 2 );\"><div class=\"fusion-layout-column fusion_builder_column fusion-builder-column-3 fusion_builder_column_1_2 1_2 fusion-flex-column\" style=\"--awb-bg-size:cover;--awb-width-large:50%;--awb-margin-top-large:0px;--awb-spacing-right-large:3.84%;--awb-margin-bottom-large:0px;--awb-spacing-left-large:3.84%;--awb-width-medium:50%;--awb-order-medium:0;--awb-spacing-right-medium:3.84%;--awb-spacing-left-medium:3.84%;--awb-width-small:100%;--awb-order-small:0;--awb-spacing-right-small:1.92%;--awb-spacing-left-small:1.92%;\" data-scroll-devices=\"small-visibility,medium-visibility,large-visibility\"><div class=\"fusion-column-wrapper fusion-column-has-shadow fusion-flex-justify-content-flex-start fusion-content-layout-column\"><div class=\"fusion-text fusion-text-2 fusion-animated fusion-text-no-margin\" style=\"--awb-font-size:53px;--awb-line-height:1;--awb-text-color:var(--awb-color4);--awb-margin-bottom:10px;\" data-animationtype=\"fadeInLeft\" data-animationduration=\"0.3\" data-animationoffset=\"top-into-view\"><p>Termos de Uso<\/p>\n<\/div><div class=\"fusion-separator\" style=\"align-self: flex-start;margin-right:auto;margin-top:15px;margin-bottom:25px;width:100%;max-width:120px;\"><div class=\"fusion-separator-border sep-single sep-solid\" style=\"--awb-height:20px;--awb-amount:20px;--awb-sep-color:var(--awb-color7);border-color:var(--awb-color7);border-top-width:7px;\"><\/div><\/div><\/div><\/div><div class=\"fusion-layout-column fusion_builder_column fusion-builder-column-4 fusion_builder_column_1_2 1_2 fusion-flex-column\" style=\"--awb-bg-position:center bottom;--awb-bg-size:cover;--awb-width-large:50%;--awb-margin-top-large:15px;--awb-spacing-right-large:3.84%;--awb-margin-bottom-large:15px;--awb-spacing-left-large:3.84%;--awb-width-medium:50%;--awb-order-medium:0;--awb-spacing-right-medium:3.84%;--awb-spacing-left-medium:3.84%;--awb-width-small:100%;--awb-order-small:0;--awb-spacing-right-small:1.92%;--awb-spacing-left-small:1.92%;\" data-scroll-devices=\"small-visibility,medium-visibility,large-visibility\"><div class=\"fusion-column-wrapper fusion-column-has-shadow fusion-flex-justify-content-flex-start fusion-content-layout-column\"><div class=\"fusion-image-element\" style=\"text-align:right;--awb-mask-url: url(https:\/\/www.edge-core.com\/wp-content\/plugins\/fusion-builder\/\/assets\/images\/masks\/mask-17.svg);--awb-mask-size: cover;--awb-mask-position: center left;--awb-caption-title-font-family:var(--h2_typography-font-family);--awb-caption-title-font-weight:var(--h2_typography-font-weight);--awb-caption-title-font-style:var(--h2_typography-font-style);--awb-caption-title-size:var(--h2_typography-font-size);--awb-caption-title-transform:var(--h2_typography-text-transform);--awb-caption-title-line-height:var(--h2_typography-line-height);--awb-caption-title-letter-spacing:var(--h2_typography-letter-spacing);\"><div class=\"awb-image-frame awb-image-frame-1 imageframe-liftup hover-with-mask fusion-animated\" data-animationtype=\"fadeInRight\" data-animationduration=\"0.8\" data-animationoffset=\"top-into-view\"><span class=\"fusion-imageframe imageframe-none imageframe-1 has-mask\"><img decoding=\"async\" width=\"1000\" height=\"562\" title=\"pol\u00edtica de Privacidade\" src=\"https:\/\/www.edge-core.com\/wp-content\/uploads\/2023\/10\/privacy-policy.jpg\" data-orig-src=\"https:\/\/www.edge-core.com\/wp-content\/uploads\/2023\/10\/privacy-policy.jpg\" alt class=\"lazyload img-responsive wp-image-2285\" srcset=\"data:image\/svg+xml,%3Csvg%20xmlns%3D%27http%3A%2F%2Fwww.w3.org%2F2000%2Fsvg%27%20width%3D%271000%27%20height%3D%27562%27%20viewBox%3D%270%200%201000%20562%27%3E%3Crect%20width%3D%271000%27%20height%3D%27562%27%20fill-opacity%3D%220%22%2F%3E%3C%2Fsvg%3E\" data-srcset=\"https:\/\/www.edge-core.com\/wp-content\/uploads\/2023\/10\/privacy-policy-200x112.jpg 200w, https:\/\/www.edge-core.com\/wp-content\/uploads\/2023\/10\/privacy-policy-400x225.jpg 400w, https:\/\/www.edge-core.com\/wp-content\/uploads\/2023\/10\/privacy-policy-600x337.jpg 600w, https:\/\/www.edge-core.com\/wp-content\/uploads\/2023\/10\/privacy-policy-800x450.jpg 800w, https:\/\/www.edge-core.com\/wp-content\/uploads\/2023\/10\/privacy-policy.jpg 1000w\" data-sizes=\"auto\" data-orig-sizes=\"(max-width: 640px) 100vw, 600px\" \/><\/span><\/div><\/div><\/div><\/div><\/div><\/div><\/div><div class=\"fusion-fullwidth fullwidth-box fusion-builder-row-3 fusion-flex-container has-pattern-background has-mask-background nonhundred-percent-fullwidth non-hundred-percent-height-scrolling\" style=\"--link_color: var(--awb-color7);--awb-border-radius-top-left:0px;--awb-border-radius-top-right:0px;--awb-border-radius-bottom-right:0px;--awb-border-radius-bottom-left:0px;--awb-flex-wrap:wrap;\" ><div class=\"fusion-builder-row fusion-row fusion-flex-align-items-flex-start fusion-flex-content-wrap\" style=\"max-width:1320.8px;margin-left: calc(-4% \/ 2 );margin-right: calc(-4% \/ 2 );\"><div class=\"fusion-layout-column fusion_builder_column fusion-builder-column-5 fusion_builder_column_1_1 1_1 fusion-flex-column\" style=\"--awb-bg-size:cover;--awb-width-large:100%;--awb-margin-top-large:0px;--awb-spacing-right-large:1.92%;--awb-margin-bottom-large:0px;--awb-spacing-left-large:1.92%;--awb-width-medium:100%;--awb-spacing-right-medium:1.92%;--awb-spacing-left-medium:1.92%;--awb-width-small:100%;--awb-spacing-right-small:1.92%;--awb-spacing-left-small:1.92%;\"><div class=\"fusion-column-wrapper fusion-flex-justify-content-flex-start fusion-content-layout-column\"><div class=\"fusion-text fusion-text-3\"><pre>TERMOS E CONDI\u00c7\u00d5ES<\/pre>\n<pre>1. Introdu\u00e7\u00e3o<\/pre>\n<p>ESTES TERMOS E CONDI\u00c7\u00d5ES ESTABELECEM OS TERMOS LEGALMENTE VINCULATIVOS PARA O USO DO SITE. ESTES TERMOS E CONDI\u00c7\u00d5ES S\u00c3O ACEITOS AO ACESSO, DOWNLOAD E\/OU USO DO SITE. SE VOC\u00ca DISCORDAR DE QUALQUER PARTE DESTES TERMOS E CONDI\u00c7\u00d5ES, N\u00c3O ACESSE, BAIXE E\/OU USE NOSSO SITE.<\/p>\n<p>Ao acessar, baixar ou utilizar os servi\u00e7os do site, voc\u00ea declara e garante que possui o direito, a autoridade e a capacidade de celebrar e cumprir todos os termos e condi\u00e7\u00f5es aqui estabelecidos. Se voc\u00ea acessar, baixar ou utilizar o site em nome de uma empresa, entidade ou organiza\u00e7\u00e3o, voc\u00ea declara e garante que \u00e9 um representante autorizado dessa empresa, entidade ou organiza\u00e7\u00e3o, com autoridade para vincul\u00e1-la aos termos e condi\u00e7\u00f5es. Caso n\u00e3o concorde com todas as disposi\u00e7\u00f5es destes termos e condi\u00e7\u00f5es, n\u00e3o acesse, baixe ou utilize o site.<\/p>\n<p>O termo Edgecore ou &quot;n\u00f3s&quot; refere-se ao propriet\u00e1rio do site, Edgecore Networks Corporation, e o termo &quot;voc\u00ea&quot; refere-se ao usu\u00e1rio ou visitante do nosso site.<\/p>\n<pre>2. Aviso de direitos autorais<\/pre>\n<p>2.1 Este site e todo o conte\u00fado nele contido s\u00e3o propriedade exclusiva da Edgecore Networks Corporation, suas afiliadas, fornecedores ou licenciadores (\u201cDetentor de DPI\u201d) e s\u00e3o protegidos por todas e quaisquer leis nacionais ou estrangeiras de direitos autorais e propriedade intelectual.<br \/>Seu acesso a este site n\u00e3o lhe concede quaisquer direitos sobre a propriedade intelectual de qualquer um de n\u00f3s ou de qualquer outro Detentor de DPI. N\u00f3s retemos todos e quaisquer direitos sobre a propriedade contida no conte\u00fado deste site, incluindo, entre outros, direitos autorais, marcas registradas, patentes e quaisquer outros direitos de propriedade intelectual.<\/p>\n<p>2.2 \u00c9 proibida qualquer redistribui\u00e7\u00e3o ou reprodu\u00e7\u00e3o de parte ou de todo o conte\u00fado, em qualquer forma, exceto nas seguintes situa\u00e7\u00f5es:<\/p>\n<ol>\n<li>voc\u00ea pode navegar, imprimir ou baixar as informa\u00e7\u00f5es e armazen\u00e1-las em seu computador pessoal apenas para seu uso pessoal e n\u00e3o comercial;<\/li>\n<li>voc\u00ea pode copiar o conte\u00fado para terceiros para uso pessoal, mas somente se voc\u00ea reconhecer o site como a fonte do material.<\/li>\n<\/ol>\n<p>2.3 Voc\u00ea n\u00e3o poder\u00e1, exceto com nossa permiss\u00e3o expressa por escrito, modificar, reproduzir, exibir publicamente, traduzir, transmitir, distribuir ou explorar comercialmente o conte\u00fado. Voc\u00ea tamb\u00e9m n\u00e3o poder\u00e1 transmiti-lo ou armazen\u00e1-lo em qualquer outro site ou outra forma de sistema de recupera\u00e7\u00e3o eletr\u00f4nica.<\/p>\n<pre>3. Declara\u00e7\u00e3o de marca registrada<\/pre>\n<p>3.1 Todas as marcas registradas, marcas de servi\u00e7o, nomes comerciais, logotipos, nomes de dom\u00ednio de websites ou outras palavras ou s\u00edmbolos, incluindo, entre outros, \u201cEdgecore\u201d e \u201cSMC\u201d, que identificam quaisquer produtos, nossos servi\u00e7os ou nossa empresa (as \u201cMarcas\u201d), s\u00e3o e permanecer\u00e3o propriedade exclusiva nossa ou de outros detentores de direitos de propriedade intelectual. Nenhuma licen\u00e7a \u00e9 concedida com rela\u00e7\u00e3o a quaisquer Marcas. Sem a pr\u00e9via autoriza\u00e7\u00e3o expressa por escrito da Edgecore, nenhuma parte poder\u00e1 usar quaisquer marcas registradas da Edgecore, logotipos de qualquer forma ou o nome em chin\u00eas ou ingl\u00eas da Edgecore Networks Corporation.<\/p>\n<p>3.2 Voc\u00ea n\u00e3o tem permiss\u00e3o para usar as Marcas sem o consentimento pr\u00e9vio por escrito de n\u00f3s. Se voc\u00ea tiver permiss\u00e3o para usar nossa Marca, voc\u00ea s\u00f3 poder\u00e1 usar as Marcas exclusivamente de acordo com o <a href=\"\/wp-content\/uploads\/2023\/10\/EC-CI-Guideline.pdf\" data-lf-fd-inspected-dzlr5a52r1j8boq2=\"true\">Diretrizes<\/a>, que podem ser revisados por n\u00f3s de tempos em tempos, sem aviso pr\u00e9vio.<\/p>\n<pre>4. Uso aceit\u00e1vel<\/pre>\n<p>4.1 Voc\u00ea n\u00e3o pode violar nenhum direito de terceiros, incluindo direitos autorais, marcas registradas, patentes, segredos comerciais, direitos morais, direitos de privacidade, direitos de publicidade ou qualquer outra propriedade intelectual ou direito de propriedade.<\/p>\n<p>4.2 Voc\u00ea n\u00e3o deve usar este site de nenhuma forma que cause, ou possa causar, danos ao site ou comprometimento da disponibilidade ou acessibilidade do site; ou de qualquer forma que seja ilegal, fraudulenta ou prejudicial, ou em conex\u00e3o com qualquer prop\u00f3sito ou atividade ilegal, fraudulenta ou prejudicial.<\/p>\n<p>4.3 Voc\u00ea n\u00e3o deve usar este site para copiar, armazenar, hospedar, transmitir, enviar, usar, publicar ou distribuir qualquer material que consista em (ou esteja vinculado a) qualquer spyware, v\u00edrus de computador, cavalo de Troia, worm, keystroke logger, rootkit ou outro software de computador malicioso.<\/p>\n<p>4.4 Voc\u00ea n\u00e3o deve conduzir nenhuma atividade sistem\u00e1tica ou automatizada de coleta de dados (incluindo, sem limita\u00e7\u00e3o, raspagem, minera\u00e7\u00e3o de dados, extra\u00e7\u00e3o de dados e coleta de dados) neste site ou em rela\u00e7\u00e3o a ele sem nosso consentimento expresso por escrito.<\/p>\n<pre>5. Acesso restrito<\/pre>\n<p>5.1 Reservamo-nos o direito de restringir o acesso a \u00e1reas deste site, ou mesmo a todo este site, a nosso crit\u00e9rio.<\/p>\n<p>5.2 Se lhe fornecermos um ID de usu\u00e1rio e uma senha para permitir o acesso a \u00e1reas restritas deste site ou a outros conte\u00fados ou servi\u00e7os, voc\u00ea dever\u00e1 garantir que o ID de usu\u00e1rio e a senha sejam mantidos em sigilo e nos notificar\u00e1 sobre qualquer suspeita de uso n\u00e3o autorizado. Voc\u00ea concorda em n\u00e3o utilizar o nome de usu\u00e1rio ou a senha de terceiros em nenhum momento. Voc\u00ea \u00e9 o \u00fanico respons\u00e1vel por todo e qualquer uso de suas Credenciais de Cadastro.<\/p>\n<p>5.3 Podemos desabilitar seu ID de usu\u00e1rio e senha a nosso exclusivo crit\u00e9rio, sem aviso ou explica\u00e7\u00e3o.<\/p>\n<pre>6. ISEN\u00c7\u00d5ES DE RESPONSABILIDADE<\/pre>\n<p>6.1 O SITE E SEU CONTE\u00daDO S\u00c3O FORNECIDOS &quot;NO ESTADO EM QUE SE ENCONTRAM&quot; E CONFORME DISPON\u00cdVEIS. NOS ISENTAMOS EXPRESSAMENTE, AT\u00c9 O LIMITE M\u00c1XIMO PERMITIDO PELA LEI APLIC\u00c1VEL, DE QUAISQUER GARANTIAS E CONDI\u00c7\u00d5ES DE QUALQUER TIPO, EXPRESSAS OU IMPL\u00cdCITAS, INCLUINDO, MAS N\u00c3O SE LIMITANDO A, GARANTIAS OU CONDI\u00c7\u00d5ES DE COMERCIALIZA\u00c7\u00c3O, ADEQUA\u00c7\u00c3O A UM PROP\u00d3SITO ESPEC\u00cdFICO, T\u00cdTULO, USUFRUTO PAC\u00cdFICO, PRECIS\u00c3O OU N\u00c3O VIOLA\u00c7\u00c3O COM RELA\u00c7\u00c3O AO SITE OU \u00c0S INFORMA\u00c7\u00d5ES, PRODUTOS, SERVI\u00c7OS OU GR\u00c1FICOS RELACIONADOS CONTIDOS NO SITE PARA QUALQUER FINALIDADE. QUALQUER CONFIAN\u00c7A QUE VOC\u00ca DEPOSITE EM TAIS INFORMA\u00c7\u00d5ES \u00c9, PORTANTO, ESTRITAMENTE POR SUA CONTA E RISCO. N\u00c3O OFERECEMOS NENHUMA GARANTIA DE QUE O CONTE\u00daDO DESTE SITE: (A) ATENDER\u00c1 \u00c0S SUAS NECESSIDADES; (B) ESTAR\u00c1 DISPON\u00cdVEL DE FORMA ININTERRUPTA, OPORTUNA, SEGURA OU LIVRE DE ERROS; OU (C) SER\u00c1 PRECISO, CONFI\u00c1VEL, COMPLETO, LEGAL OU SEGURO.<\/p>\n<p>6.2 Ocasionalmente, este site tamb\u00e9m pode incluir links para outros sites. Esses links s\u00e3o fornecidos para sua conveni\u00eancia e para fornecer mais informa\u00e7\u00f5es. N\u00e3o temos controle sobre a natureza, o conte\u00fado e a disponibilidade desses sites. A inclus\u00e3o de quaisquer links n\u00e3o implica necessariamente uma recomenda\u00e7\u00e3o ou endossa as opini\u00f5es expressas neles. N\u00e3o nos responsabilizamos pelo conte\u00fado do(s) site(s) vinculado(s).<\/p>\n<p>6.3 Todos os esfor\u00e7os s\u00e3o feitos para manter o site funcionando sem problemas. No entanto, a Edgecore n\u00e3o se responsabiliza e n\u00e3o ser\u00e1 responsabilizada pela indisponibilidade tempor\u00e1ria do site devido a problemas t\u00e9cnicos fora do nosso controle.<\/p>\n<pre>7. Limita\u00e7\u00f5es de responsabilidade<\/pre>\n<p>N\u00e3o seremos respons\u00e1veis perante voc\u00ea (seja sob a lei de contato, a lei de atos il\u00edcitos ou de outra forma) em rela\u00e7\u00e3o ao conte\u00fado, uso ou de outra forma em conex\u00e3o com este site da seguinte forma:<\/p>\n<p>7.1 Por qualquer perda indireta, especial ou consequencial; ou<br \/>7.2 Por quaisquer perdas comerciais, perda de receita, renda, lucros ou economias previstas, perda de contratos ou relacionamentos comerciais, perda de reputa\u00e7\u00e3o ou boa vontade, ou perda ou corrup\u00e7\u00e3o de informa\u00e7\u00f5es ou dados.<br \/>7.3 Essas limita\u00e7\u00f5es de responsabilidade se aplicam mesmo que tenhamos sido expressamente avisados da perda potencial.<\/p>\n<pre>8.Libera\u00e7\u00e3o.<\/pre>\n<p>Voc\u00ea nos isenta, nossos executivos, funcion\u00e1rios, agentes e sucessores de reivindica\u00e7\u00f5es, demandas, quaisquer perdas, danos, direitos, reivindica\u00e7\u00f5es e a\u00e7\u00f5es de qualquer tipo, incluindo ferimentos pessoais, morte e danos materiais, que estejam direta ou indiretamente relacionados ou surjam de quaisquer intera\u00e7\u00f5es ou condutas de outros usu\u00e1rios do site ou an\u00fancios e sites de terceiros.<\/p>\n<pre>9. Divisibilidade<\/pre>\n<p>Se alguma parte destes termos e condi\u00e7\u00f5es for considerada ilegal, contr\u00e1ria \u00e0 ordem p\u00fablica ou inexequ\u00edvel por um tribunal de jurisdi\u00e7\u00e3o competente, essa parte inv\u00e1lida ou inexequ\u00edvel ser\u00e1 considerada modificada ou eliminada na medida em que, na opini\u00e3o do tribunal, seja necess\u00e1rio para tornar a(s) parte(s) restante(s) exequ\u00edvel(is).<\/p>\n<pre>10. Indeniza\u00e7\u00e3o<\/pre>\n<p>Voc\u00ea nos indeniza e se compromete a nos manter indenizados contra quaisquer perdas, danos, custos, responsabilidades e despesas (incluindo, sem limita\u00e7\u00e3o, despesas legais e quaisquer valores pagos por n\u00f3s a terceiros na resolu\u00e7\u00e3o de uma reclama\u00e7\u00e3o ou disputa, seguindo a orienta\u00e7\u00e3o de nossos consultores jur\u00eddicos) incorridos ou sofridos por n\u00f3s decorrentes de qualquer viola\u00e7\u00e3o por voc\u00ea de qualquer disposi\u00e7\u00e3o destes termos e condi\u00e7\u00f5es, ou decorrentes de qualquer alega\u00e7\u00e3o de que voc\u00ea violou qualquer disposi\u00e7\u00e3o destes termos e condi\u00e7\u00f5es.<\/p>\n<pre>11. Pol\u00edtica de Privacidade<\/pre>\n<p>Por favor, consulte nosso <a href=\"\/pt\/privacy-policy\/\" target=\"_blank\" rel=\"noopener\">pol\u00edtica de Privacidade<\/a>.<\/p>\n<pre>12. Varia\u00e7\u00e3o<\/pre>\n<p>Podemos revisar estes termos e condi\u00e7\u00f5es periodicamente, sem aviso pr\u00e9vio. Os termos e condi\u00e7\u00f5es revisados ser\u00e3o aplic\u00e1veis ao uso deste site a partir da data de publica\u00e7\u00e3o dos termos e condi\u00e7\u00f5es revisados neste site. Consulte esta p\u00e1gina regularmente para garantir que voc\u00ea esteja familiarizado com a vers\u00e3o atual.<\/p>\n<pre>13. Atribui\u00e7\u00e3o<\/pre>\n<p>13.1 Voc\u00ea concorda que podemos ceder, transferir, subcontratar ou de outra forma lidar com nossos direitos e\/ou obriga\u00e7\u00f5es sob estes termos e condi\u00e7\u00f5es.<\/p>\n<p>13.2 Voc\u00ea n\u00e3o pode transferir, subcontratar ou de outra forma lidar com seus direitos e\/ou obriga\u00e7\u00f5es sob estes termos e condi\u00e7\u00f5es.<\/p>\n<pre>14. Acordo integral<\/pre>\n<p>Estes termos e condi\u00e7\u00f5es constituem o acordo integral entre voc\u00ea e n\u00f3s em rela\u00e7\u00e3o ao seu uso deste site e substituem todos os acordos anteriores em rela\u00e7\u00e3o ao seu uso deste site.<\/p>\n<pre>15. Lei e jurisdi\u00e7\u00e3o<\/pre>\n<p>A lei substantiva de Taiwan reger\u00e1 este Contrato, independentemente de disposi\u00e7\u00f5es sobre escolha de lei. Quaisquer disputas sob estes termos e condi\u00e7\u00f5es poder\u00e3o ser levadas a tribunais localizados em Hsinchu, Taiwan, e as Partes, por meio deste, consentem com a jurisdi\u00e7\u00e3o pessoal e o foro desses tribunais.<\/p>\n<\/div><\/div><\/div><\/div><\/div><\/p>","protected":false},"excerpt":{"rendered":"","protected":false},"author":1,"featured_media":0,"parent":0,"menu_order":0,"comment_status":"closed","ping_status":"open","template":"100-width.php","meta":{"_acf_changed":false,"footnotes":""},"class_list":["post-2287","page","type-page","status-publish","hentry"],"acf":[],"_links":{"self":[{"href":"https:\/\/www.edge-core.com\/pt\/wp-json\/wp\/v2\/pages\/2287","targetHints":{"allow":["GET"]}}],"collection":[{"href":"https:\/\/www.edge-core.com\/pt\/wp-json\/wp\/v2\/pages"}],"about":[{"href":"https:\/\/www.edge-core.com\/pt\/wp-json\/wp\/v2\/types\/page"}],"author":[{"embeddable":true,"href":"https:\/\/www.edge-core.com\/pt\/wp-json\/wp\/v2\/users\/1"}],"replies":[{"embeddable":true,"href":"https:\/\/www.edge-core.com\/pt\/wp-json\/wp\/v2\/comments?post=2287"}],"version-history":[{"count":0,"href":"https:\/\/www.edge-core.com\/pt\/wp-json\/wp\/v2\/pages\/2287\/revisions"}],"wp:attachment":[{"href":"https:\/\/www.edge-core.com\/pt\/wp-json\/wp\/v2\/media?parent=2287"}],"curies":[{"name":"wp","href":"https:\/\/api.w.org\/{rel}","templated":true}]}}